{"id":1221,"date":"2014-06-05T18:25:57","date_gmt":"2014-06-05T16:25:57","guid":{"rendered":"http:\/\/www.winterstefan.com\/?page_id=1221"},"modified":"2017-03-05T20:05:39","modified_gmt":"2017-03-05T19:05:39","slug":"die-weinende","status":"publish","type":"page","link":"https:\/\/www.winterstefan.com\/de\/works\/die-weinende","title":{"rendered":"Die Weinende (The Weeping Woman)"},"content":{"rendered":"ngg_shortcode_0_placeholder\n<p>&nbsp;<\/p>\n<p>Stefan Winter<br \/>\nDie Weinende &#8212; 2014<\/p>\n<p>Klangskulptur<br \/>\n(Endlosschleife in einer Folge von zehn Minuten)<\/p>\n<p>Grundlage dieses Werkes ist die Legende La Llorona, die in unterschiedlichen Versionen in der lateinamerikanischen Welt erz\u00e4hlt wird. Mexiko ist das Land, in dem diese am l\u00e4ngsten verwurzelt ist. Die wohl \u00e4lteste Fassung entsteht lange vor Ankunft der spanischen Konquistadoren. Die Azteken erz\u00e4hlen von n\u00e4chtlichen Klagerufen einer Frau, der das Schicksal auferlegt ist, ruhelos umherzuziehen und den Verlust ihres eigenen Sohnes und auch ihres eigenen Lebens zu beweinen. Sie nennen sie Chocac\u00edhuatl \u2013 abgeleitet vom aztekischen choka (weinen) und cihuatl (Frau). Sie soll die Urmutter der Menschheit sein, die bei der Geburt des Sohnes stirbt. Deshalb treiben die fleischlosen Sch\u00e4del der Chocac\u00edhuatl und ihres Sohnes in der Welt auf der Suche nach Umherirrenden, die von der Dunkelheit auf ihrem Weg umschlossen worden sind. F\u00fcr jeden Sterblichen, der ihnen begegnet, droht Unheil oder gar der Tod.<br \/>\nEs entstehen \u00fcber die Jahrhunderte von Land zu Land viele Abwandlungen dieser Legende. Die bekannteste und in Mexiko am weitesten verbreitete, erz\u00e4hlt von einer anmutigen Frau \u2013 in einigen Darstellungen eine Mestizin \u2013 die einen spanischen Edelmann liebt. Frucht dieser Leidenschaft sind drei S\u00f6hne, die von der Mutter innig geliebt und umsorgt werden. Eine Heirat verweigert der Mann und verl\u00e4sst sp\u00e4ter seine geliebte Frau, um sich mit einer Spanierin von Stand zu verm\u00e4hlen. Als die Frau dies erf\u00e4hrt, t\u00f6tet sie aus Schmerz und Verzweiflung ihre drei S\u00f6hne und ertr\u00e4nkt sich danach selbst, unf\u00e4hig, mit der Schuld zu leben. Seitdem h\u00f6rt man ihr Weinen aus dem Fluss, in dem sie sich ihr Leben nahm.<\/p>\n<p>Objekt und Klangschaften: Stefan Winter<br \/>\nCello, Stimme: Ernst Reijseger<br \/>\nToningenieur: Adrian von Ripka<br \/>\nPhotos \u00a9 Winter &amp; Winter<br \/>\nFront photo \u00a9 http:\/\/www.hansbuttermilch.de\/<\/p>\n<p>Kunsthalle Rathausgalerie Munich, Germany<br \/>\nGruppenausstellen \u00bbSinging Sculptures\u00ab<br \/>\nJuni\/Juli, 2014<\/p>\n<p>Le Rocher de Palmer<br \/>\nCenon \/ Bordeaux, France<br \/>\nEinzelausstellung<br \/>\nMarz 2015<\/p>\n","protected":false},"excerpt":{"rendered":"<p>&nbsp; &nbsp; Stefan Winter Die Weinende &#8212; 2014 Klangskulptur (Endlosschleife in einer Folge von zehn Minuten) Grundlage dieses Werkes ist die Legende La Llorona, die in unterschiedlichen Versionen in der lateinamerikanischen Welt erz\u00e4hlt wird. Mexiko ist das Land, in dem diese am l\u00e4ngsten verwurzelt ist. Die wohl \u00e4lteste Fassung entsteht lange vor Ankunft der spanischen [&hellip;]<\/p>\n","protected":false},"author":2,"featured_media":0,"parent":1215,"menu_order":4,"comment_status":"closed","ping_status":"closed","template":"","meta":{"ngg_post_thumbnail":0,"jetpack_post_was_ever_published":false,"footnotes":""},"class_list":["post-1221","page","type-page","status-publish","hentry"],"jetpack_sharing_enabled":true,"jetpack_shortlink":"https:\/\/wp.me\/P8tz6p-jH","jetpack-related-posts":[],"_links":{"self":[{"href":"https:\/\/www.winterstefan.com\/de\/wp-json\/wp\/v2\/pages\/1221","targetHints":{"allow":["GET"]}}],"collection":[{"href":"https:\/\/www.winterstefan.com\/de\/wp-json\/wp\/v2\/pages"}],"about":[{"href":"https:\/\/www.winterstefan.com\/de\/wp-json\/wp\/v2\/types\/page"}],"author":[{"embeddable":true,"href":"https:\/\/www.winterstefan.com\/de\/wp-json\/wp\/v2\/users\/2"}],"replies":[{"embeddable":true,"href":"https:\/\/www.winterstefan.com\/de\/wp-json\/wp\/v2\/comments?post=1221"}],"version-history":[{"count":7,"href":"https:\/\/www.winterstefan.com\/de\/wp-json\/wp\/v2\/pages\/1221\/revisions"}],"predecessor-version":[{"id":1686,"href":"https:\/\/www.winterstefan.com\/de\/wp-json\/wp\/v2\/pages\/1221\/revisions\/1686"}],"up":[{"embeddable":true,"href":"https:\/\/www.winterstefan.com\/de\/wp-json\/wp\/v2\/pages\/1215"}],"wp:attachment":[{"href":"https:\/\/www.winterstefan.com\/de\/wp-json\/wp\/v2\/media?parent=1221"}],"curies":[{"name":"wp","href":"https:\/\/api.w.org\/{rel}","templated":true}]}}