{"id":1225,"date":"2014-06-18T10:43:06","date_gmt":"2014-06-18T08:43:06","guid":{"rendered":"http:\/\/www.winterstefan.com\/?page_id=1225"},"modified":"2017-03-05T08:19:33","modified_gmt":"2017-03-05T07:19:33","slug":"wanderung","status":"publish","type":"page","link":"https:\/\/www.winterstefan.com\/de\/works\/wanderung","title":{"rendered":"Wanderung (Rambling)"},"content":{"rendered":"ngg_shortcode_0_placeholder\n<p>&nbsp;<\/p>\n<p>Stefan Winter<br \/>\nWanderung &#8212; 2011<\/p>\n<p>Klangskulptur-Installation<\/p>\n<p>Klangr\u00f6hren handgefertigt aus Aluminium<br \/>\nAnaloge Schallplattenspieler (im Wiederholungsmodus)<br \/>\n4 x 4 (16 Tonbandger\u00e4te) Nagra (f\u00fcr die Installation in M\u00fcnchen)<br \/>\n10 Audioverst\u00e4rker und 10 mono Lautsprecher<\/p>\n<p>In Gedanken an Alma Ros\u00e9<br \/>\nIn zehn Tagen marschiert Stefan Winter mit einem Mikrophon und einer Mini-Nagra durch die Mitte Europas von Wien bis Auschwitz-Birkenau. Auf dieser Pilgerreise nimmt Winter zehn akustische Polaroids auf. Der Weg f\u00fchrt durch St\u00e4dte und D\u00f6rfer, \u00fcber Landstrassen und Feldwege, entlang an Bahngleisen, \u00fcber gefrorene \u00c4cker und kahle Weinberge. Im Gep\u00e4ck befindet sich ein kleiner, bunter, tragbarer Kinder-Kassettenrecorder, um die Erinnerung an Wien wachzurufen. Das Moment der Mono-Aufnahmen bleibt unver\u00e4ndert, aus \u00dcberlagerungen entstehen 10 kurze Klangfilme, diese akustischen Polaroids drehen sich in endlosen Tonbandschleifen und auf rotierenden Schallplatten.<br \/>\nEine Installation aus R\u00f6hren durchquert den Raum. Diese R\u00f6hren m\u00fcnden in Schalltrichter, \u00e4hnlich einem Grammophon-Trichter oder einer \u00bbausfallsicheren Kommunikation\u00ab mit dem Maschinenraum auf einem alten Schiff.<br \/>\nDas Zentrum des Objekts bilden analoge Tonbandmaschinen und Schallplattenspieler. Dort t\u00fcrmen sich Bandmaschinen, Tonb\u00e4nder, Kabel und Verst\u00e4rker. Aus dieser Installation f\u00fchren Verbindungen zu den Schallrohren, aus denen die Ger\u00e4usche t\u00f6nen.<\/p>\n<p>Part I : Leben<br \/>\nPart II : Abschied<br \/>\nPart III : Angst<br \/>\nPart IV : Umherirren<br \/>\nPart V : Rhythmus<br \/>\nPart VI : T\u00f6ne<br \/>\nPart VII : Totenfest<br \/>\nPart VIII : Lust und Gl\u00fcck<br \/>\nPart IX : Verwehen<br \/>\nPart X : Nacht<\/p>\n<p>Gesamtkonzeption, Klangobjekt, akustische Polaroids: Stefan Winter<br \/>\nManufaktur der Klangr\u00f6hren: Stefan Polenz<br \/>\nNeon-Art (Installation Beck M\u00fcnchen): Myra Brooklyn<br \/>\nToningenieur: Philipp Heck<br \/>\nVerspiegelungstechnik: J\u00fcrgen Blach<\/p>\n<p>Stefan Winters Gehen von Wien nach Auschwitz, Februar 2011<br \/>\nFotos: Stefan Winter<\/p>\n<p>Wanderung wurde in Auftrag gegeben von:<br \/>\nLudwig Beck, M\u00fcnchen, Deutschland<\/p>\n<p>Installationen:<br \/>\nLudwig Beck, M\u00fcnchen, April \u2014 Mai 2011<br \/>\nFotos: Regine Heiland, J\u00fcrgen Lorenz<\/p>\n<p>Le Rocher de Palmer, Bordeaux, Frankreich, Oktober \u2014 November 2013<br \/>\nFotos: Musiques de Nuit, Winter &amp; Winter<\/p>\n","protected":false},"excerpt":{"rendered":"<p>&nbsp; &nbsp; Stefan Winter Wanderung &#8212; 2011 Klangskulptur-Installation Klangr\u00f6hren handgefertigt aus Aluminium Analoge Schallplattenspieler (im Wiederholungsmodus) 4 x 4 (16 Tonbandger\u00e4te) Nagra (f\u00fcr die Installation in M\u00fcnchen) 10 Audioverst\u00e4rker und 10 mono Lautsprecher In Gedanken an Alma Ros\u00e9 In zehn Tagen marschiert Stefan Winter mit einem Mikrophon und einer Mini-Nagra durch die Mitte Europas von [&hellip;]<\/p>\n","protected":false},"author":1,"featured_media":0,"parent":1215,"menu_order":7,"comment_status":"closed","ping_status":"closed","template":"","meta":{"ngg_post_thumbnail":0,"jetpack_post_was_ever_published":false,"footnotes":""},"class_list":["post-1225","page","type-page","status-publish","hentry"],"jetpack_sharing_enabled":true,"jetpack_shortlink":"https:\/\/wp.me\/P8tz6p-jL","jetpack-related-posts":[],"_links":{"self":[{"href":"https:\/\/www.winterstefan.com\/de\/wp-json\/wp\/v2\/pages\/1225","targetHints":{"allow":["GET"]}}],"collection":[{"href":"https:\/\/www.winterstefan.com\/de\/wp-json\/wp\/v2\/pages"}],"about":[{"href":"https:\/\/www.winterstefan.com\/de\/wp-json\/wp\/v2\/types\/page"}],"author":[{"embeddable":true,"href":"https:\/\/www.winterstefan.com\/de\/wp-json\/wp\/v2\/users\/1"}],"replies":[{"embeddable":true,"href":"https:\/\/www.winterstefan.com\/de\/wp-json\/wp\/v2\/comments?post=1225"}],"version-history":[{"count":5,"href":"https:\/\/www.winterstefan.com\/de\/wp-json\/wp\/v2\/pages\/1225\/revisions"}],"predecessor-version":[{"id":1529,"href":"https:\/\/www.winterstefan.com\/de\/wp-json\/wp\/v2\/pages\/1225\/revisions\/1529"}],"up":[{"embeddable":true,"href":"https:\/\/www.winterstefan.com\/de\/wp-json\/wp\/v2\/pages\/1215"}],"wp:attachment":[{"href":"https:\/\/www.winterstefan.com\/de\/wp-json\/wp\/v2\/media?parent=1225"}],"curies":[{"name":"wp","href":"https:\/\/api.w.org\/{rel}","templated":true}]}}