{"id":1227,"date":"2014-06-05T18:42:15","date_gmt":"2014-06-05T16:42:15","guid":{"rendered":"http:\/\/www.winterstefan.com\/?page_id=1227"},"modified":"2020-10-30T15:48:16","modified_gmt":"2020-10-30T14:48:16","slug":"biographie","status":"publish","type":"page","link":"https:\/\/www.winterstefan.com\/de\/biographie","title":{"rendered":"Biography"},"content":{"rendered":"<p>Stefan Winter (Klang-, Objekt- und Videokunst, Musikproduktion)<br \/>\ngeboren am 26.01.1958, Tegernsee, Deutschland<br \/>\nDer Autodidakt Winter arbeitet seit den fr\u00fchen 80er Jahren mit Musik, Ger\u00e4uschen, Soundscapes und Video. Er leitet von 1985 bis 1995 die Aufnahmen f\u00fcr die Label JMT (Jazz Music Today) sowie Bamboo und gr\u00fcndet nach 1995 zusammen mit Mariko Takahashi Winter &amp; Winter. F\u00fcr dieses spaten\u00fcbergreifende Musiklabel entwickelt er den H\u00f6rfilm (Der Spiegel: Kino f\u00fcr geschlossenen Augen). Musik-, Klang- und Ger\u00e4uschaufnahmen werden zu H\u00f6rkunstwerken zusammengef\u00fchrt. Aufnahmewerke aus dem Haus Winter &amp; Winter erhalten zahlreiche Preise, unter anderem Jahrespreis der deutschen Schallplattenkritik, Edison Award (Holland), Gramophone Award (Gro\u00dfbritannien), Diapason d&#8217;or (Die Goldene Stimmgabel des Jahres, Frankreich), Jahrespreis von Acad\u00e9mie Charles-Cros (Frankreich). Winter wird mit dem Jahrespreis der Deutschen Schallplattenkritik und dem Schwabinger Kunstpreis vom Kulturreferat der Landeshauptstadt M\u00fcnchen\/Bayern ausgezeichnet.<\/p>\n<div id=\"attachment_50\" style=\"width: 293px\" class=\"wp-caption alignleft\"><a href=\"https:\/\/i0.wp.com\/www.winterstefan.com\/wordpress\/wp-content\/uploads\/2014\/06\/Stefan_WintercJean_Baptiste-Millot.web_.jpg\"><img data-recalc-dims=\"1\" loading=\"lazy\" decoding=\"async\" aria-describedby=\"caption-attachment-50\" class=\"wp-image-50 size-full\" src=\"https:\/\/i0.wp.com\/www.winterstefan.com\/wordpress\/wp-content\/uploads\/2014\/06\/Stefan_WintercJean_Baptiste-Millot.web_.jpg?resize=283%2C189\" alt=\"Stefan_Winter\" width=\"283\" height=\"189\"><\/a><p id=\"caption-attachment-50\" class=\"wp-caption-text\">Photo&nbsp;\u00a9&nbsp;Jean-Baptiste Millot<\/p><\/div>\n<p>Musikproduktion mit Hans Abrahamsen, Teodoro Anzellotti, Irvine Arditti, Jim Black, Theo Bleckmann, Uri Caine, Stefano Gervasoni, Forma Antiqva, Mauricio Kagel, Paul Motian, Sch\u00f6nberg Ensemble, Barbara Sukowa, Ernst Reijseger, Fumio Yasuda u.a. Insgesamt produziert Winter seit 1985 \u00fcber 300 Musik-und Klangaufnahmen, darunter \u201eBlue Skies\u201c von Cassandra Wilson, den H\u00f6rFilm \u201eVenezia la Festa\u201c, \u201eUrlicht\u201c nach Gustav Mahler und \u201eWagner e Venezia\u201c von Uri Caine, Filmmusik mit Ernst Reijseger f\u00fcr Werner Herzog und Alex &amp; Andrew Smith, \u201eLet me tell you\u201c von Hans Abrahamsen mit Barbara Hannigan, \u201eOn Broadway\u201c mit Paul Motian, \u201eRien\u201c mit No\u00ebl Akchot\u00e9, Vivaldis \u201eLe quattro stagioni\u201c mit Aar\u00f3n Zapico und Forma Antiqva, alle Schubert Trios mit La Gaia Scienza, \u201eThe Goldberg Variations\u201c mit Teodoro Anzellotti, sowie \u201eNightlife \u2013 Sounds of the City\u201c, 10 kurze Soundscapes aus Metropolen der Welt.<\/p>\n<p>Auff\u00fchrungen\/Installationen von Stefan Winter (eine Auswahl) :<br \/>\n2004 : \u00bbDer Kastanienball-Der Fall der Lucrezia Borgia\u00ab, Festspiel+ der Opernfestspiele M\u00fcnchen<br \/>\n2012 : \u00bbEroberung des Nutzlosen\u00ab von Werner Herzog, Volksb\u00fchne Berlin<\/p>\n<p>Klanginstallationen von Stefan Winter (eine Auswahl)<br \/>\n2011 : \u00bbWanderung\u00ab, Ludwig Beck, M\u00fcnchen<br \/>\n2012 : Werner Herzogs \u00bbHear Say of the Soul\u00ab unter Mitwirkung von Ernst Reijseger, Whitney Biennial, Whitney Museum, N.Y.C.\/U.S.A.<br \/>\n2013\/2014 : Werner Herzogs \u00bbHear Say of the Soul\u00ab unter Mitwirkung von Ernst Reijseger, Paul Getty Museum, L.A.\/U.S.A.<br \/>\n2013 : \u00bbWanderung\u00ab (\u00bbRambling\u00ab), Le Rocher de Palmer, Bordeaux\/Frankreich<br \/>\n2013 : \u00bbKlangvision Botanischer Garten\u00ab, Pinakothek der Moderne (Schaustelle), M\u00fcnchen<br \/>\n2013 : \u00bbOn the Path of Death and Life\u00ab (\u00bbAuf dem Pfad zum Tod und Leben\u00ab) mit Fumio Yasuda und Arbeiten von Nobuyoshi Araki, MaximiliansForum, M\u00fcnchen<br \/>\n2014 : \u00bbDie Weinende\u00ab, Gruppenausstellung Singing Sculptures, Kunsthalle Rathausgalerie, M\u00fcnchen<br \/>\n2014 : \u00bbVor der Stille\u00ab, Einzelausstellung, Kunsthalle Rathausgalerie, M\u00fcnchen<br \/>\n2015 : \u00bbDie Weinende\u00ab, Le Rocher de Palmer, Bordeaux\/Frankreich<br \/>\n2015 : Werner Herzogs \u00bbHear Say of the Soul\u00ab unter Mitwirkung von Ernst Reijseger, Wallraf-Richartz-Museum, K\u00f6ln<br \/>\n2017 : Noriko Kura und Stefan Winter \u00bbLiving Colors\u00ab, whiteBOX, M\u00fcnchen<br \/>\n2017\/2018 : Klang- und Video-Installation \u00bbGedicht einer Zelle\u00ab, San Sebastian\/Spanien, Haifa\/Israel, M\u00fcnchen, Bordeaux\/Frankreich<br \/>\n2020 : Video-Installation und Live-Performance \u00bbThe Ninth Wave \u2014 Ode to Nature\u00ab, Spring Festival in Tokyo\/Japan<\/p>\n","protected":false},"excerpt":{"rendered":"<p>Stefan Winter (Klang-, Objekt- und Videokunst, Musikproduktion) geboren am 26.01.1958, Tegernsee, Deutschland Der Autodidakt Winter arbeitet seit den fr\u00fchen 80er Jahren mit Musik, Ger\u00e4uschen, Soundscapes und Video. Er leitet von 1985 bis 1995 die Aufnahmen f\u00fcr die Label JMT (Jazz Music Today) sowie Bamboo und gr\u00fcndet nach 1995 zusammen mit Mariko Takahashi Winter &amp; Winter. [&hellip;]<\/p>\n","protected":false},"author":2,"featured_media":0,"parent":0,"menu_order":2,"comment_status":"closed","ping_status":"closed","template":"","meta":{"ngg_post_thumbnail":0,"jetpack_post_was_ever_published":false,"footnotes":""},"class_list":["post-1227","page","type-page","status-publish","hentry"],"jetpack_sharing_enabled":true,"jetpack_shortlink":"https:\/\/wp.me\/P8tz6p-jN","jetpack-related-posts":[],"_links":{"self":[{"href":"https:\/\/www.winterstefan.com\/de\/wp-json\/wp\/v2\/pages\/1227","targetHints":{"allow":["GET"]}}],"collection":[{"href":"https:\/\/www.winterstefan.com\/de\/wp-json\/wp\/v2\/pages"}],"about":[{"href":"https:\/\/www.winterstefan.com\/de\/wp-json\/wp\/v2\/types\/page"}],"author":[{"embeddable":true,"href":"https:\/\/www.winterstefan.com\/de\/wp-json\/wp\/v2\/users\/2"}],"replies":[{"embeddable":true,"href":"https:\/\/www.winterstefan.com\/de\/wp-json\/wp\/v2\/comments?post=1227"}],"version-history":[{"count":10,"href":"https:\/\/www.winterstefan.com\/de\/wp-json\/wp\/v2\/pages\/1227\/revisions"}],"predecessor-version":[{"id":2333,"href":"https:\/\/www.winterstefan.com\/de\/wp-json\/wp\/v2\/pages\/1227\/revisions\/2333"}],"wp:attachment":[{"href":"https:\/\/www.winterstefan.com\/de\/wp-json\/wp\/v2\/media?parent=1227"}],"curies":[{"name":"wp","href":"https:\/\/api.w.org\/{rel}","templated":true}]}}