{"id":1231,"date":"2017-01-18T12:16:33","date_gmt":"2017-01-18T11:16:33","guid":{"rendered":"http:\/\/www.winterstefan.com\/?page_id=1231"},"modified":"2017-01-18T12:16:40","modified_gmt":"2017-01-18T11:16:40","slug":"impressum","status":"publish","type":"page","link":"https:\/\/www.winterstefan.com\/de\/impressum","title":{"rendered":"Impressum"},"content":{"rendered":"<p>Stefan Winter<br \/>\nViktoriastrasse 28<br \/>\n80803 M\u00fcnchen<br \/>\nGermany<br \/>\nTelefon: [49] -89 38 66 50-0<br \/>\nE-Mail: info[at]winterandwinter.com<\/p>\n<p>Vertretungsberechtigter: Stefan Winter<\/p>\n<p>Umsatzsteuer-Identifikationsnummer gem\u00e4\u00df \u00a7 27 a Umsatzsteuergesetz:<\/p>\n<p>DE 130692249<\/p>\n<p>Steuernummer 148 204 10328, Finanzamt M\u00fcnchen V<\/p>\n<p>Inhaltlich Verantwortlicher gem\u00e4\u00df \u00a7 10 Absatz 3 MDStV: Stefan Winter<\/p>\n<p>(Anschrift wie oben)<\/p>\n<p>Haftungshinweis: Trotz sorgf\u00e4ltiger inhaltlicher Kontrolle \u00fcbernehmen wir keine Haftung f\u00fcr die Inhalte externer Links. F\u00fcr den Inhalt der verlinkten Seiten sind ausschlie\u00dflich deren Betreiber verantwortlich.<\/p>\n","protected":false},"excerpt":{"rendered":"<p>Stefan Winter Viktoriastrasse 28 80803 M\u00fcnchen Germany Telefon: [49] -89 38 66 50-0 E-Mail: info[at]winterandwinter.com Vertretungsberechtigter: Stefan Winter Umsatzsteuer-Identifikationsnummer gem\u00e4\u00df \u00a7 27 a Umsatzsteuergesetz: DE 130692249 Steuernummer 148 204 10328, Finanzamt M\u00fcnchen V Inhaltlich Verantwortlicher gem\u00e4\u00df \u00a7 10 Absatz 3 MDStV: Stefan Winter (Anschrift wie oben) Haftungshinweis: Trotz sorgf\u00e4ltiger inhaltlicher Kontrolle \u00fcbernehmen wir keine Haftung [&hellip;]<\/p>\n","protected":false},"author":2,"featured_media":0,"parent":0,"menu_order":9,"comment_status":"closed","ping_status":"closed","template":"","meta":{"ngg_post_thumbnail":0,"jetpack_post_was_ever_published":false,"footnotes":""},"class_list":["post-1231","page","type-page","status-publish","hentry"],"jetpack_sharing_enabled":true,"jetpack_shortlink":"https:\/\/wp.me\/P8tz6p-jR","jetpack-related-posts":[],"_links":{"self":[{"href":"https:\/\/www.winterstefan.com\/de\/wp-json\/wp\/v2\/pages\/1231","targetHints":{"allow":["GET"]}}],"collection":[{"href":"https:\/\/www.winterstefan.com\/de\/wp-json\/wp\/v2\/pages"}],"about":[{"href":"https:\/\/www.winterstefan.com\/de\/wp-json\/wp\/v2\/types\/page"}],"author":[{"embeddable":true,"href":"https:\/\/www.winterstefan.com\/de\/wp-json\/wp\/v2\/users\/2"}],"replies":[{"embeddable":true,"href":"https:\/\/www.winterstefan.com\/de\/wp-json\/wp\/v2\/comments?post=1231"}],"version-history":[{"count":1,"href":"https:\/\/www.winterstefan.com\/de\/wp-json\/wp\/v2\/pages\/1231\/revisions"}],"predecessor-version":[{"id":1233,"href":"https:\/\/www.winterstefan.com\/de\/wp-json\/wp\/v2\/pages\/1231\/revisions\/1233"}],"wp:attachment":[{"href":"https:\/\/www.winterstefan.com\/de\/wp-json\/wp\/v2\/media?parent=1231"}],"curies":[{"name":"wp","href":"https:\/\/api.w.org\/{rel}","templated":true}]}}