{"id":1632,"date":"2017-03-05T13:55:34","date_gmt":"2017-03-05T12:55:34","guid":{"rendered":"http:\/\/www.winterstefan.com\/?page_id=1632"},"modified":"2017-03-05T15:01:04","modified_gmt":"2017-03-05T14:01:04","slug":"kastanienball","status":"publish","type":"page","link":"https:\/\/www.winterstefan.com\/de\/works\/kastanienball","title":{"rendered":"Kastanienball"},"content":{"rendered":"ngg_shortcode_0_placeholder\n<p>&nbsp;<\/p>\n<p>Stefan Winter<br \/>\nDer Kastanienball &#8212; 2004<br \/>\nDer Fall der Lucrezia Borgia<br \/>\nCabaret-Oper mit Video- und Klanginstallation<\/p>\n<p>Aurum, Vis et Venus imperabat [Es regierte Geld, Macht und Venus]<br \/>\nSynopsis: Machiavelli erz\u00e4hlt die Moritat des Kastanienballs, die Geschichte von Rodrigo Borgia, Papst Alexander VI., kirchlicher und weltlicher Herrscher, Antichrist, und seiner Tochter Lucrezia. Er erz\u00e4hlt, wie er Macht erobert, vergr\u00f6\u00dfert, verformt, missbraucht und mit eigenen Gesetzen behauptet. Wie er seine sexuellen Triebe befriedigt, seine Fantasien und Leidenschaften durchlebt, zum h\u00f6chsten Exzess aufbaut und alle um ihn herum ben\u00fctzt, ohne selbst Schaden davonzutragen. Machiavelli berichtet, wie Alexander seinen kirchlichen Gegner Savonarola beobachtet, seine Schw\u00e4chen auskundschaftet, ihn vorf\u00fchrt, und dann vor den Augen seines Freundes Martin Luther beseitigt; wie er seinen Sohn Cesare einsetzt, und dieser mit h\u00f6chster Intensit\u00e4t und Brutalit\u00e4t die Festigung der Macht der Borgia durchsetzt. Machiavelli erz\u00e4hlt die Tragikom\u00f6die Lucrezias, Cesares Schwester, die in krankhafter Abh\u00e4ngigkeit zu ihrem Vater steht, er erz\u00e4hlt von ihrer Angst und Eifersucht, den Vater zu verlieren, und wie sie sich dem eigenen Vater hingibt, um ihm nahe zu sein, obgleich sie so ihre Seele erstickt. Machiavelli erz\u00e4hlt von Lucrezias Bem\u00fchen sich auch der M\u00e4tresse ihres Vaters, Giulia la Bella zu n\u00e4hern, sie zu lieben und zu befriedigen, was Giulia in vollen Z\u00fcgen genie\u00dft. Er erz\u00e4hlt von Lucrezias Verzweiflung, wie sie vollkommen verst\u00f6rt Schutz bei ihrem Bruder sucht und sich schlie\u00dflich, im Irrglauben ihre Seele retten zu k\u00f6nnen, auch ihm hingibt. Zur gleichen Zeit lernt Savonarola den blutjungen und sch\u00f6nen Martin Luther kennen, der als einziger Savonarolas Thesen bis in seine tiefste Seele hinein versteht. Savonarola endet auf dem Scheiterhaufen, den er selbst f\u00fcr die Verbrennung verruchter Bilder angeh\u00e4uft hat. F\u00fcr Luther wird er zum M\u00e4rtyrer, den er eines Tages, am Tag des Kastanienballs, dem 31. Oktober, r\u00e4chen will. Unbek\u00fcmmert treibt Alexander VI. sein Spiel und genie\u00dft den Kastanienball. Zum H\u00f6hepunkt des Festes werden Kerzenleuchter unter den Tisch gestellt und nackte M\u00e4dchen sammeln die auf dem Boden liegenden Kastanien mit ihren M\u00fcndern ein und legen diese Alexander in den Scho\u00df.<\/p>\n<p>Inszenierung mit musikalischen Versatzst\u00fccken, Auff\u00fchrung, Klanglandschaften und 1-Kanal Video<br \/>\n2004 : Festspiel+, Opernfestspiele M\u00fcnchen<\/p>\n<p>Raum, Klang und Video Installation<br \/>\n2005 : Musikfestival, Stanser Musiktage, Schweiz<\/p>\n<p>Musik erh\u00e4ltlich auf CD und als download:<br \/>\nDer Kastanienball \u00bbThe Fall of Lucrezia Borgia\u00ab (Winter &#038; Winter, 2005)<\/p>\n","protected":false},"excerpt":{"rendered":"<p>&nbsp; &nbsp; Stefan Winter Der Kastanienball &#8212; 2004 Der Fall der Lucrezia Borgia Cabaret-Oper mit Video- und Klanginstallation Aurum, Vis et Venus imperabat [Es regierte Geld, Macht und Venus] Synopsis: Machiavelli erz\u00e4hlt die Moritat des Kastanienballs, die Geschichte von Rodrigo Borgia, Papst Alexander VI., kirchlicher und weltlicher Herrscher, Antichrist, und seiner Tochter Lucrezia. Er erz\u00e4hlt, [&hellip;]<\/p>\n","protected":false},"author":1,"featured_media":0,"parent":1215,"menu_order":8,"comment_status":"closed","ping_status":"closed","template":"","meta":{"ngg_post_thumbnail":0,"jetpack_post_was_ever_published":false,"footnotes":""},"class_list":["post-1632","page","type-page","status-publish","hentry"],"jetpack_sharing_enabled":true,"jetpack_shortlink":"https:\/\/wp.me\/P8tz6p-qk","jetpack-related-posts":[],"_links":{"self":[{"href":"https:\/\/www.winterstefan.com\/de\/wp-json\/wp\/v2\/pages\/1632","targetHints":{"allow":["GET"]}}],"collection":[{"href":"https:\/\/www.winterstefan.com\/de\/wp-json\/wp\/v2\/pages"}],"about":[{"href":"https:\/\/www.winterstefan.com\/de\/wp-json\/wp\/v2\/types\/page"}],"author":[{"embeddable":true,"href":"https:\/\/www.winterstefan.com\/de\/wp-json\/wp\/v2\/users\/1"}],"replies":[{"embeddable":true,"href":"https:\/\/www.winterstefan.com\/de\/wp-json\/wp\/v2\/comments?post=1632"}],"version-history":[{"count":3,"href":"https:\/\/www.winterstefan.com\/de\/wp-json\/wp\/v2\/pages\/1632\/revisions"}],"predecessor-version":[{"id":1655,"href":"https:\/\/www.winterstefan.com\/de\/wp-json\/wp\/v2\/pages\/1632\/revisions\/1655"}],"up":[{"embeddable":true,"href":"https:\/\/www.winterstefan.com\/de\/wp-json\/wp\/v2\/pages\/1215"}],"wp:attachment":[{"href":"https:\/\/www.winterstefan.com\/de\/wp-json\/wp\/v2\/media?parent=1632"}],"curies":[{"name":"wp","href":"https:\/\/api.w.org\/{rel}","templated":true}]}}