{"id":1853,"date":"2017-06-22T11:17:40","date_gmt":"2017-06-22T09:17:40","guid":{"rendered":"http:\/\/www.winterstefan.com\/?page_id=1853"},"modified":"2017-06-22T11:17:40","modified_gmt":"2017-06-22T09:17:40","slug":"gedicht-einer-zelle-poem-of-a-cell-information","status":"publish","type":"page","link":"https:\/\/www.winterstefan.com\/de\/works\/gedicht-einer-zelle\/gedicht-einer-zelle-poem-of-a-cell-information","title":{"rendered":"Gedicht einer Zelle (Poem of a Cell) &#8211; Information"},"content":{"rendered":"<p>&nbsp;<\/p>\n<p>Stefan Winter<br \/>\nGedicht einer Zelle &#8212; 2017<br \/>\nTriptychon der Liebe und Ekstase<\/p>\n<p>Klang- und 3-Kanal-Videoinstallation<\/p>\n<p>Winter kombiniert Klangkunst und Musik mit visuellen Welten und inszeniert &#8222;Lebenden Gem\u00e4lden&#8220;. Im Zentrum steht die Frau, verk\u00f6rpert durch die K\u00fcnstlerin Noriko Kura. Auf den weiblichen K\u00f6rper \u2014 Eva, Venus und Athene in einer Person \u2014 brennen sich Bilder von Pontormo, Michelangelo, Rosso Fiorentino, vom Inferno, von der Klagemauer, der Kaaba, St. Peter, vom Leben der Zellen.<br \/>\nWinter beauftragt die Komponisten Uri Caine, Fabio Nieder, Rajab Suleiman und Fumio Yasuda Fragmente der erotischen Liebesgedichte von Sulamith (Das Sch\u00f6nste aller Lieder), Mechthild von Magdeburg (Das flie\u00dfende Licht der Gottheit) und Rabi\u2019a al-Basri (Einheit mit dem G\u00f6ttlichen) zu vertonen. J\u00fcdische, christliche und moslemische Kl\u00e4nge und Bilder wirken zusammen und erz\u00e4hlen von der Frau, wie es war, wie es ist, wie es wird\u2026 Den drei Gedichten liegt das Thema zugrunde, das \u00fcber alle Differenzen hinweg die drei Weltreligionen Judentum, Christentum und Islam verbindet: Liebe, Ekstase bis zur Vereinigung mit dem G\u00f6ttlichen.<br \/>\nDie K\u00fcnstlerin Noriko Kura steht im Zentrum der phantastischen Bilderwelt. In der paradiesisch anmutenden Schl\u00fcsselszene steigt sie auf den von ihr geschaffenen Himmelsturm, um das letzte und h\u00f6chste Ziel aller Mystik zu erlangen. Sie \u00fcberwindet alle irdischen Hindernisse, legt ihre Fesseln ab, um sich mit dem Absoluten zu vereinigen.<\/p>\n<p>Kammermann: Gernot Aschoff, Kameraassistent: Florian Epple<br \/>\nToningenieur: Adrian von Ripka<br \/>\nMusiker: Alan Bern, Marco Blaauw, Joachim Badenhorst, Uri Caine Trio, Cecilia Gospel Choir, Exaudi Vocal Ensemble, Forma Antiqva Baroque Ensemble, Kettwiger Bach-Ensemble, Mtendeni Maulid Ensemble, Saada Nassor, Ernst Reijseger, Schlagquartett K\u00f6ln, Rajab Suleiman, Barbara Walker, Fanny Winter, Fumio Yasuda<br \/>\nSprecherin: Barbara Sukowa<br \/>\nK\u00fcnstlerin: Noriko Kura<br \/>\nBuch und Regie: Stefan Winter<br \/>\nProduktion: Mariko Takahashi<\/p>\n<p>SANSIBAR: STONE TOWN, Zanzibar International Film Festival, Old Fort of Zanzibar<br \/>\n16. Juli 2017, Sound and 3-Channel-Video Installation<\/p>\n<p>SPANIEN: SAN SEBASTIAN, Donostia Kultura, Zurriola Beach<br \/>\n20. Juli 2017, Klang- und 3-Kanal-Videoinstallation mit Live-Performance<\/p>\n<p>ISRAEL: HAIFA, Head, School of the Arts, Faculty of Humanities, University of Haifa<br \/>\n16. bis 19. Oktober 2017, 5-Kanal-Klang- und 3-Kanal-Videoinstallation<br \/>\n22., 23., und 24. Oktober 2017, Klang- und 3-Kanal-Videoinstallation mit Live-Performance<br \/>\n25. Oktober 2017. Klang- und 3-Kanal-Videoinstallation<\/p>\n<p>DEUTSCHLAND: M\u00dcNCHEN, Kunsthalle-Rathausgalerie<br \/>\n9. November &#8211; 25. November 2017, Klang- und 3-Kanal-Videoinstallation, Live-Performance<\/p>\n<p>FRANKREICH: BORDEAUX, Musiques de Nuit<br \/>\nTermin steht noch nicht fest<\/p>\n<p>T\u00dcRKEI: ISTANBUL, Bahcesehir Universit\u00e4t<br \/>\nTermin steht noch nicht fest<\/p>\n<p>DEUTSCHLAND: WITTEN, M\u00e4rkisches Museum<br \/>\nTermin 2018<\/p>\n<p>&nbsp;<\/p>\n<p><a href=\"http:\/\/www.kulturstiftung-des-bundes.de\/cms\/de\/projekte\/musik_und_klang\/gedicht_einer_zelle.html\" target=\"_blank\" rel=\"noopener\"><img data-recalc-dims=\"1\" loading=\"lazy\" decoding=\"async\" class=\"alignnone wp-image-1811 size-full\" src=\"https:\/\/i0.wp.com\/www.winterstefan.com\/wordpress\/wp-content\/uploads\/2014\/06\/Logos-2.jpg?resize=625%2C71\" alt=\"\" width=\"625\" height=\"71\" srcset=\"https:\/\/i0.wp.com\/www.winterstefan.com\/wordpress\/wp-content\/uploads\/2014\/06\/Logos-2.jpg?w=1082&amp;ssl=1 1082w, https:\/\/i0.wp.com\/www.winterstefan.com\/wordpress\/wp-content\/uploads\/2014\/06\/Logos-2.jpg?resize=300%2C34&amp;ssl=1 300w, https:\/\/i0.wp.com\/www.winterstefan.com\/wordpress\/wp-content\/uploads\/2014\/06\/Logos-2.jpg?resize=768%2C87&amp;ssl=1 768w, https:\/\/i0.wp.com\/www.winterstefan.com\/wordpress\/wp-content\/uploads\/2014\/06\/Logos-2.jpg?resize=1024%2C116&amp;ssl=1 1024w, https:\/\/i0.wp.com\/www.winterstefan.com\/wordpress\/wp-content\/uploads\/2014\/06\/Logos-2.jpg?resize=624%2C71&amp;ssl=1 624w\" sizes=\"auto, (max-width: 625px) 100vw, 625px\" \/><\/a><\/p>\n","protected":false},"excerpt":{"rendered":"<p>&nbsp; Stefan Winter Gedicht einer Zelle &#8212; 2017 Triptychon der Liebe und Ekstase Klang- und 3-Kanal-Videoinstallation Winter kombiniert Klangkunst und Musik mit visuellen Welten und inszeniert &#8222;Lebenden Gem\u00e4lden&#8220;. Im Zentrum steht die Frau, verk\u00f6rpert durch die K\u00fcnstlerin Noriko Kura. Auf den weiblichen K\u00f6rper \u2014 Eva, Venus und Athene in einer Person \u2014 brennen sich Bilder [&hellip;]<\/p>\n","protected":false},"author":1,"featured_media":0,"parent":873,"menu_order":0,"comment_status":"closed","ping_status":"closed","template":"","meta":{"ngg_post_thumbnail":0,"jetpack_post_was_ever_published":false,"footnotes":""},"class_list":["post-1853","page","type-page","status-publish","hentry"],"jetpack_sharing_enabled":true,"jetpack_shortlink":"https:\/\/wp.me\/P8tz6p-tT","jetpack-related-posts":[],"_links":{"self":[{"href":"https:\/\/www.winterstefan.com\/de\/wp-json\/wp\/v2\/pages\/1853","targetHints":{"allow":["GET"]}}],"collection":[{"href":"https:\/\/www.winterstefan.com\/de\/wp-json\/wp\/v2\/pages"}],"about":[{"href":"https:\/\/www.winterstefan.com\/de\/wp-json\/wp\/v2\/types\/page"}],"author":[{"embeddable":true,"href":"https:\/\/www.winterstefan.com\/de\/wp-json\/wp\/v2\/users\/1"}],"replies":[{"embeddable":true,"href":"https:\/\/www.winterstefan.com\/de\/wp-json\/wp\/v2\/comments?post=1853"}],"version-history":[{"count":1,"href":"https:\/\/www.winterstefan.com\/de\/wp-json\/wp\/v2\/pages\/1853\/revisions"}],"predecessor-version":[{"id":1854,"href":"https:\/\/www.winterstefan.com\/de\/wp-json\/wp\/v2\/pages\/1853\/revisions\/1854"}],"up":[{"embeddable":true,"href":"https:\/\/www.winterstefan.com\/de\/wp-json\/wp\/v2\/pages\/873"}],"wp:attachment":[{"href":"https:\/\/www.winterstefan.com\/de\/wp-json\/wp\/v2\/media?parent=1853"}],"curies":[{"name":"wp","href":"https:\/\/api.w.org\/{rel}","templated":true}]}}