{"id":1860,"date":"2017-06-22T11:43:32","date_gmt":"2017-06-22T09:43:32","guid":{"rendered":"http:\/\/www.winterstefan.com\/?page_id=1860"},"modified":"2017-06-22T11:43:32","modified_gmt":"2017-06-22T09:43:32","slug":"information","status":"publish","type":"page","link":"https:\/\/www.winterstefan.com\/de\/works\/vor-der-stille\/information","title":{"rendered":"Vor Der Stille (Before the Silence) &#8211; Information"},"content":{"rendered":"<p>&nbsp;<\/p>\n<p>Stefan Winter<br \/>\nVor Der Stille &#8212; 2014<\/p>\n<p>13 Vinyl-Unikate \/ 13 Plattenspieler mit 2 Kanal-Lautsprecher \/ 13 Klangzellen \/ 1 Mehrkanal-Tonsystem<\/p>\n<p>Stefan Winter realisiert mit \u00bbVor der Stille\u00ab Klangkunst, die nicht auf Musik-Komposition oder Berieselung, sondern auf Bruchst\u00fccke elementarer Umweltger\u00e4usche, Klangfetzen und aufmerksames Hinh\u00f6ren setzt. Mit Mariko Takahashi reist er um die Welt. Sie erkunden entlegene W\u00e4lder, ferne K\u00fcsten, urbane R\u00e4ume und sammeln T\u00f6ne. Winter reiht diese zu Handlungen, die ohne Bilder auf die Erz\u00e4hlmacht der Ger\u00e4usche vertrauen. In 13 Klangzellen werden Verlangen, Verlust und Endlosigkeit auditiv erlebbar.<\/p>\n<p>Im wei\u00dfen Raum der Rathausgalerie entfalten sich Ger\u00e4usche, Krach und T\u00f6ne. Fast entr\u00fcckt, nahezu unmerkbar leise, brechen sich Klangwelten aus dem All mit Meereswellen des Pazifiks.<\/p>\n<p>13 wei\u00dfe Klangzellen stehen als Wegstationen im S\u00e4ulengang. Die 13 steht f\u00fcr Wandel und Umbruch. In die Zellen kann man durch eine ovale \u00d6ffnung eintreten. In der Dunkelheit der Zellen schallen 13 Klangschaften:<br \/>\nMutter Erde | Der Apfel | Die G\u00f6tterd\u00e4mmerung | Das Autodaf\u00e9 | Dianas Bad | Die Nacht | Der fallende Baumriese | Im Sommerwind | Das Perpendikel | Ein Freitod | Atem | Die 108 Begierden | Die Flaschenpost<br \/>\nJede Klangschaft endet in der Stille.<\/p>\n<p>Kurator: Johannes Muggenthaler, Kulturreferat der Stadt M\u00fcnchen<br \/>\nOktober \/ November 2014<\/p>\n<p>Mit Unterst\u00fctzung der Stiftung Kagel-Burghardt<br \/>\nGef\u00f6rdert von Dorothea Assig &amp; Dorothee Echter, Bauer Studios Ludwigsburg, Thiemo Br\u00fcll &amp; Dieter M\u00fcnch, Markus Conrad, Ingvild &amp; Stephan Goetz, Michael Haentjes, Werner Herzog, Holzzentrum Westend M\u00fcnchen, Walter Lichte, Dr. Claudine Perlet, Jean-Pierre Rousseau, Charles Schumann, Barbara Sukowa &amp; Robert Longo, Dr. phil. Jochen Wagner, Dr. Stephan Zoller<br \/>\nDank an Dual (Plattenspieler), Duophonic (Vinyl-Einzelanfertigung), Nubert (Lautsprecher)<\/p>\n","protected":false},"excerpt":{"rendered":"<p>&nbsp; Stefan Winter Vor Der Stille &#8212; 2014 13 Vinyl-Unikate \/ 13 Plattenspieler mit 2 Kanal-Lautsprecher \/ 13 Klangzellen \/ 1 Mehrkanal-Tonsystem Stefan Winter realisiert mit \u00bbVor der Stille\u00ab Klangkunst, die nicht auf Musik-Komposition oder Berieselung, sondern auf Bruchst\u00fccke elementarer Umweltger\u00e4usche, Klangfetzen und aufmerksames Hinh\u00f6ren setzt. Mit Mariko Takahashi reist er um die Welt. Sie [&hellip;]<\/p>\n","protected":false},"author":1,"featured_media":0,"parent":1218,"menu_order":0,"comment_status":"closed","ping_status":"closed","template":"","meta":{"ngg_post_thumbnail":0,"jetpack_post_was_ever_published":false,"footnotes":""},"class_list":["post-1860","page","type-page","status-publish","hentry"],"jetpack_sharing_enabled":true,"jetpack_shortlink":"https:\/\/wp.me\/P8tz6p-u0","jetpack-related-posts":[],"_links":{"self":[{"href":"https:\/\/www.winterstefan.com\/de\/wp-json\/wp\/v2\/pages\/1860","targetHints":{"allow":["GET"]}}],"collection":[{"href":"https:\/\/www.winterstefan.com\/de\/wp-json\/wp\/v2\/pages"}],"about":[{"href":"https:\/\/www.winterstefan.com\/de\/wp-json\/wp\/v2\/types\/page"}],"author":[{"embeddable":true,"href":"https:\/\/www.winterstefan.com\/de\/wp-json\/wp\/v2\/users\/1"}],"replies":[{"embeddable":true,"href":"https:\/\/www.winterstefan.com\/de\/wp-json\/wp\/v2\/comments?post=1860"}],"version-history":[{"count":1,"href":"https:\/\/www.winterstefan.com\/de\/wp-json\/wp\/v2\/pages\/1860\/revisions"}],"predecessor-version":[{"id":1861,"href":"https:\/\/www.winterstefan.com\/de\/wp-json\/wp\/v2\/pages\/1860\/revisions\/1861"}],"up":[{"embeddable":true,"href":"https:\/\/www.winterstefan.com\/de\/wp-json\/wp\/v2\/pages\/1218"}],"wp:attachment":[{"href":"https:\/\/www.winterstefan.com\/de\/wp-json\/wp\/v2\/media?parent=1860"}],"curies":[{"name":"wp","href":"https:\/\/api.w.org\/{rel}","templated":true}]}}