{"id":876,"date":"2015-05-13T10:29:04","date_gmt":"2015-05-13T08:29:04","guid":{"rendered":"http:\/\/www.winterstefan.com?page_id=876"},"modified":"2017-03-05T20:00:53","modified_gmt":"2017-03-05T19:00:53","slug":"hearsay-of-the-soul","status":"publish","type":"page","link":"https:\/\/www.winterstefan.com\/de\/works\/hearsay-of-the-soul","title":{"rendered":"Hearsay of the Soul"},"content":{"rendered":"<p>&nbsp;<\/p>\nngg_shortcode_0_placeholder\n<p>&nbsp;<br \/>\n<!--#1 --><\/p>\n<p>Herzog\/Reijseger\/Winter<br \/>\nHearsay of the Soul (Vom H\u00f6rensagen der Seele) &#8212; 2012<br \/>\n5-Kanal-Video Installation von Werner Herzog<br \/>\nMusik von Ernst Reijseger<br \/>\nSound Installation von Stefan Winter<\/p>\n<p>\u00bbHearsay of the Soul\u00ab ist die erste Videokunst-Installation von Filmregisseur Werner Herzog. Projiziert auf drei im 90\u00b0 Winkel zueinander stehende W\u00e4nde, Laufzeit 18 Minuten, 5-Kanal-Video Installation mit ausgew\u00e4hlten Landschaftsradierungen von Hercules Segers (Holland, ca. 1589\u20131638) mit Kl\u00e4ngen und Bildern von und mit dem zeitgen\u00f6ssischen Avant-Garde-Musiker und Komponisten Ernst Reijseger (Holland, geboren 1954). Das Nebeneinander von Segers opulenten Drucken geheimnisvoller Ausblicke mit Reijsegers expressiver und experimenteller Musik offenbart eine vielschichtige Arbeit, die sowohl vertraut, als auch sagenhaft wirkt.<\/p>\n<p>\u00bbHearsay of the Soul\u00ab f\u00fchrt das filmische Anliegen\u2014eindrucksvolle Landschaften, sinnliche Erfahrungen\u2014weiter, dies sind die Erkennungsmerkmale von Herzog fr\u00fcheren Filmen und Dokumentationen. Herzog, haupts\u00e4chlich bekannt als Filmregisseur, bevorzugt die Herangehensweise, mit Selbstbeobachtung und gespannte Aufmerksamkeit lineare Geschichten zu erz\u00e4hlen.<br \/>\nDie Musik und Klanglandschaften sind produziert, geleitet und gemischt von Stefan Winter. Winter verbindet Umweltger\u00e4usche, Signale, Kl\u00e4nge und Musik. Die Musik ist von Ernst Reijseger komponiert und aufgef\u00fchrt, mit Ausnahme von Georg Friedrich H\u00e4ndels \u00bbDank sei dir Gott\u00ab, gesungen von Emmi Leisner.<br \/>\n2011 nimmt Werner Herzog mit Videoband Stefan Winters Aufnahmesession mit Ernst Reijseger (Cello) und Harmen Fraanje (Kirchenorgel) auf. Diese Videoarbeit mit dem Titel \u00bbOde to the Dawn of Man\u00ab (\u00bbOde auf den Anbeginn der Menschheit\u00ab) ist Teil der Installation.<\/p>\n<p>Photos \u00a9&nbsp;CCA Watts Institute for Contemporary Arts \/ Werner Herzog<\/p>\n<p>Musik erh\u00e4ltlich auf CD und als download:<br \/>\nErnst Reijseger \u00bbRequiem for a Dying Planet\u00ab (Winter &amp; Winter, 2006)<br \/>\nErnst Reijseger \u00bbCave of Forgotten Dreams\u00ab (Winter &amp; Winter, 2011)<\/p>\n<p>Urspr\u00fcnglich eine Auftragsarbeit der Whitney Biennial (eine Ausstellung von zeitgen\u00f6ssischer, amerikanischer Kunst in New York) in 2012<\/p>\n<p>2012 : Whitney Biennial, Whitney Museum, N.Y.C. (U.S.A.)<br \/>\n2013\/2014 : Paul Getty Museum, L.A. (U.S.A.)<br \/>\n2015 : Wallraf-Richartz-Museum, K\u00f6ln<\/p>\n","protected":false},"excerpt":{"rendered":"<p>&nbsp; &nbsp; &nbsp; Herzog\/Reijseger\/Winter Hearsay of the Soul (Vom H\u00f6rensagen der Seele) &#8212; 2012 5-Kanal-Video Installation von Werner Herzog Musik von Ernst Reijseger Sound Installation von Stefan Winter \u00bbHearsay of the Soul\u00ab ist die erste Videokunst-Installation von Filmregisseur Werner Herzog. Projiziert auf drei im 90\u00b0 Winkel zueinander stehende W\u00e4nde, Laufzeit 18 Minuten, 5-Kanal-Video Installation mit [&hellip;]<\/p>\n","protected":false},"author":2,"featured_media":0,"parent":1215,"menu_order":6,"comment_status":"closed","ping_status":"closed","template":"","meta":{"ngg_post_thumbnail":0,"jetpack_post_was_ever_published":false,"footnotes":""},"class_list":["post-876","page","type-page","status-publish","hentry"],"jetpack_sharing_enabled":true,"jetpack_shortlink":"https:\/\/wp.me\/P8tz6p-e8","jetpack-related-posts":[],"_links":{"self":[{"href":"https:\/\/www.winterstefan.com\/de\/wp-json\/wp\/v2\/pages\/876","targetHints":{"allow":["GET"]}}],"collection":[{"href":"https:\/\/www.winterstefan.com\/de\/wp-json\/wp\/v2\/pages"}],"about":[{"href":"https:\/\/www.winterstefan.com\/de\/wp-json\/wp\/v2\/types\/page"}],"author":[{"embeddable":true,"href":"https:\/\/www.winterstefan.com\/de\/wp-json\/wp\/v2\/users\/2"}],"replies":[{"embeddable":true,"href":"https:\/\/www.winterstefan.com\/de\/wp-json\/wp\/v2\/comments?post=876"}],"version-history":[{"count":6,"href":"https:\/\/www.winterstefan.com\/de\/wp-json\/wp\/v2\/pages\/876\/revisions"}],"predecessor-version":[{"id":1684,"href":"https:\/\/www.winterstefan.com\/de\/wp-json\/wp\/v2\/pages\/876\/revisions\/1684"}],"up":[{"embeddable":true,"href":"https:\/\/www.winterstefan.com\/de\/wp-json\/wp\/v2\/pages\/1215"}],"wp:attachment":[{"href":"https:\/\/www.winterstefan.com\/de\/wp-json\/wp\/v2\/media?parent=876"}],"curies":[{"name":"wp","href":"https:\/\/api.w.org\/{rel}","templated":true}]}}